{"id":394,"date":"2021-05-03T12:00:28","date_gmt":"2021-05-03T10:00:28","guid":{"rendered":"http:\/\/sif.magazin.jacorprojekt.de\/?page_id=394"},"modified":"2022-11-14T19:43:03","modified_gmt":"2022-11-14T18:43:03","slug":"impressum","status":"publish","type":"page","link":"https:\/\/single-thueringen.de\/magazin\/impressum\/","title":{"rendered":"Impressum"},"content":{"rendered":"<div class=\"wpb-content-wrapper\"><p>[vc_row][vc_column width=&#8221;1\/1&#8243;][vc_column_text]<\/p>\n<h1 class=\"apart\">Impressum<\/h1>\n<p><strong>single-thueringen.de ist Partner im ICONY-Netzwerk. Das ICONY-Netzwerk ist eine Produktion der <a href=\"https:\/\/www.icony.com\/\" target=\"_blank\" rel=\"noopener\">ICONY GmbH<\/a>\u00a0und wird von dieser betrieben.<\/strong><\/p>\n<p>ICONY GmbH<br \/>\nHeinestra\u00dfe 72<br \/>\nD-72762 Reutlingen<br \/>\nE-Mail: impressum@icony.de (<a href=\"https:\/\/partnersuche-ab-60.de\/kontakt\/\">Supportanfragen<\/a>\u00a0werden nicht bearbeitet)<br \/>\n<a href=\"https:\/\/partnersuche-ab-60.de\/kontakt\/\">Zum Kontaktformular<\/a><\/p>\n<p>Gesch\u00e4ftsf\u00fchrung: Uwe Thomas<br \/>\nAmtsgericht Stuttgart HRB 757806<br \/>\nUStIdNr. DE307590617<\/p>\n<p>Bei Fragen oder Problemen:\u00a0<a href=\"https:\/\/partnersuche-ab-60.de\/hilfe\/\">zur Hilfe<\/a><br \/>\nFax: +49 7121 348 111<\/p>\n<p>&nbsp;<\/p>\n<p>Wir erkl\u00e4ren uns freiwillig bereit, zur Beilegung von Meinungsverschiedenheiten\/Streitigkeiten mit Verbrauchern an einem Streitbeilegungsverfahren vor einer Verbraucherschlichtungsstelle teilzunehmen, soweit dieses Verfahren vor der Verbraucherschlichtungsstelle<\/p>\n<p>Allgemeine Verbraucherschlichtungsstelle des Zentrums f\u00fcr Schlichtung e.V.<br \/>\nStra\u00dfburger Stra\u00dfe 8,<br \/>\n77694 Kehl am Rhein<br \/>\nwww.verbraucher-schlichter.de<\/p>\n<p>durchgef\u00fchrt wird. Auch die Plattform der Europ\u00e4ischen Kommission unter\u00a0<a href=\"http:\/\/ec.europa.eu\/consumers\/odr\/\" target=\"_blank\" rel=\"nofollow noopener\">http:\/\/ec.europa.eu\/consumers\/odr\/<\/a>\u00a0zur au\u00dfergerichtlichen Online Streitbeilegung (sog. OS-Plattform) kann weiterhin genutzt werden.<\/p>\n<h2>ICONY-Netzwerk<\/h2>\n<p>\u00dcber 90 Partner partizipieren und profitieren bereits mit ihrer Marke, Plattform oder Domain am innovativen ICONY-Netzwerk.\u00a0<a href=\"https:\/\/www.icony.com\/#network-container\" target=\"_blank\" rel=\"noopener\">Liste alle Partner<\/a>[\/vc_column_text][\/vc_column][\/vc_row]<\/p>\n<\/div>","protected":false},"excerpt":{"rendered":"<p>[vc_row][vc_column width=&#8221;1\/1&#8243;][vc_column_text] Impressum single-thueringen.de ist Partner im ICONY-Netzwerk. Das ICONY-Netzwerk ist eine Produktion der ICONY GmbH\u00a0und wird von dieser betrieben. ICONY GmbH Heinestra\u00dfe 72 D-72762 Reutlingen E-Mail: impressum@icony.de (Supportanfragen\u00a0werden nicht bearbeitet) Zum Kontaktformular Gesch\u00e4ftsf\u00fchrung: Uwe Thomas Amtsgericht Stuttgart HRB 757806 UStIdNr. DE307590617 Bei Fragen oder Problemen:\u00a0zur Hilfe Fax: +49 7121 348 111 &nbsp; Wir erkl\u00e4ren uns freiwillig bereit, zur Beilegung von Meinungsverschiedenheiten\/Streitigkeiten mit Verbrauchern an einem Streitbeilegungsverfahren vor einer Verbraucherschlichtungsstelle teilzunehmen, soweit dieses Verfahren vor der Verbraucherschlichtungsstelle Allgemeine Verbraucherschlichtungsstelle des Zentrums f\u00fcr Schlichtung e.V. Stra\u00dfburger Stra\u00dfe 8, 77694 Kehl am Rhein www.verbraucher-schlichter.de durchgef\u00fchrt wird. Auch die Plattform der Europ\u00e4ischen Kommission unter\u00a0http:\/\/ec.europa.eu\/consumers\/odr\/\u00a0zur au\u00dfergerichtlichen Online Streitbeilegung (sog. OS-Plattform) kann weiterhin genutzt werden. ICONY-Netzwerk \u00dcber 90 Partner partizipieren und profitieren bereits mit ihrer Marke, Plattform oder Domain am innovativen ICONY-Netzwerk.\u00a0Liste alle Partner[\/vc_column_text][\/vc_column][\/vc_row]<\/p>\n","protected":false},"author":1,"featured_media":0,"parent":0,"menu_order":0,"comment_status":"closed","ping_status":"closed","template":"","meta":{"footnotes":""},"class_list":["post-394","page","type-page","status-publish","hentry"],"yoast_head":"<!-- This site is optimized with the Yoast SEO plugin v27.4 - https:\/\/yoast.com\/product\/yoast-seo-wordpress\/ -->\n<title>Impressum - Single in Th\u00fcringen | Magazin<\/title>\n<meta name=\"robots\" content=\"index, follow, max-snippet:-1, max-image-preview:large, max-video-preview:-1\" \/>\n<link rel=\"canonical\" href=\"https:\/\/single-thueringen.de\/magazin\/impressum\/\" \/>\n<meta property=\"og:locale\" content=\"de_DE\" \/>\n<meta property=\"og:type\" content=\"article\" \/>\n<meta property=\"og:title\" content=\"Impressum - Single in Th\u00fcringen | Magazin\" \/>\n<meta property=\"og:description\" content=\"[vc_row][vc_column width=&#8221;1\/1&#8243;][vc_column_text] Impressum single-thueringen.de ist Partner im ICONY-Netzwerk. Das ICONY-Netzwerk ist eine Produktion der ICONY GmbH\u00a0und wird von dieser betrieben. ICONY GmbH Heinestra\u00dfe 72 D-72762 Reutlingen E-Mail: impressum@icony.de (Supportanfragen\u00a0werden nicht bearbeitet) Zum Kontaktformular Gesch\u00e4ftsf\u00fchrung: Uwe Thomas Amtsgericht Stuttgart HRB 757806 UStIdNr. DE307590617 Bei Fragen oder Problemen:\u00a0zur Hilfe Fax: +49 7121 348 111 &nbsp; Wir erkl\u00e4ren uns freiwillig bereit, zur Beilegung von Meinungsverschiedenheiten\/Streitigkeiten mit Verbrauchern an einem Streitbeilegungsverfahren vor einer Verbraucherschlichtungsstelle teilzunehmen, soweit dieses Verfahren vor der Verbraucherschlichtungsstelle Allgemeine Verbraucherschlichtungsstelle des Zentrums f\u00fcr Schlichtung e.V. Stra\u00dfburger Stra\u00dfe 8, 77694 Kehl am Rhein www.verbraucher-schlichter.de durchgef\u00fchrt wird. Auch die Plattform der Europ\u00e4ischen Kommission unter\u00a0http:\/\/ec.europa.eu\/consumers\/odr\/\u00a0zur au\u00dfergerichtlichen Online Streitbeilegung (sog. OS-Plattform) kann weiterhin genutzt werden. ICONY-Netzwerk \u00dcber 90 Partner partizipieren und profitieren bereits mit ihrer Marke, Plattform oder Domain am innovativen ICONY-Netzwerk.\u00a0Liste alle Partner[\/vc_column_text][\/vc_column][\/vc_row]\" \/>\n<meta property=\"og:url\" content=\"https:\/\/single-thueringen.de\/magazin\/impressum\/\" \/>\n<meta property=\"og:site_name\" content=\"Single in Th\u00fcringen | Magazin\" \/>\n<meta property=\"article:modified_time\" content=\"2022-11-14T18:43:03+00:00\" \/>\n<meta name=\"twitter:card\" content=\"summary_large_image\" \/>\n<meta name=\"twitter:label1\" content=\"Gesch\u00e4tzte Lesezeit\" \/>\n\t<meta name=\"twitter:data1\" content=\"1\u00a0Minute\" \/>\n<!-- \/ Yoast SEO plugin. -->","yoast_head_json":{"title":"Impressum - Single in Th\u00fcringen | Magazin","robots":{"index":"index","follow":"follow","max-snippet":"max-snippet:-1","max-image-preview":"max-image-preview:large","max-video-preview":"max-video-preview:-1"},"canonical":"https:\/\/single-thueringen.de\/magazin\/impressum\/","og_locale":"de_DE","og_type":"article","og_title":"Impressum - Single in Th\u00fcringen | Magazin","og_description":"[vc_row][vc_column width=&#8221;1\/1&#8243;][vc_column_text] Impressum single-thueringen.de ist Partner im ICONY-Netzwerk. Das ICONY-Netzwerk ist eine Produktion der ICONY GmbH\u00a0und wird von dieser betrieben. ICONY GmbH Heinestra\u00dfe 72 D-72762 Reutlingen E-Mail: impressum@icony.de (Supportanfragen\u00a0werden nicht bearbeitet) Zum Kontaktformular Gesch\u00e4ftsf\u00fchrung: Uwe Thomas Amtsgericht Stuttgart HRB 757806 UStIdNr. DE307590617 Bei Fragen oder Problemen:\u00a0zur Hilfe Fax: +49 7121 348 111 &nbsp; Wir erkl\u00e4ren uns freiwillig bereit, zur Beilegung von Meinungsverschiedenheiten\/Streitigkeiten mit Verbrauchern an einem Streitbeilegungsverfahren vor einer Verbraucherschlichtungsstelle teilzunehmen, soweit dieses Verfahren vor der Verbraucherschlichtungsstelle Allgemeine Verbraucherschlichtungsstelle des Zentrums f\u00fcr Schlichtung e.V. Stra\u00dfburger Stra\u00dfe 8, 77694 Kehl am Rhein www.verbraucher-schlichter.de durchgef\u00fchrt wird. Auch die Plattform der Europ\u00e4ischen Kommission unter\u00a0http:\/\/ec.europa.eu\/consumers\/odr\/\u00a0zur au\u00dfergerichtlichen Online Streitbeilegung (sog. OS-Plattform) kann weiterhin genutzt werden. ICONY-Netzwerk \u00dcber 90 Partner partizipieren und profitieren bereits mit ihrer Marke, Plattform oder Domain am innovativen ICONY-Netzwerk.\u00a0Liste alle Partner[\/vc_column_text][\/vc_column][\/vc_row]","og_url":"https:\/\/single-thueringen.de\/magazin\/impressum\/","og_site_name":"Single in Th\u00fcringen | Magazin","article_modified_time":"2022-11-14T18:43:03+00:00","twitter_card":"summary_large_image","twitter_misc":{"Gesch\u00e4tzte Lesezeit":"1\u00a0Minute"},"schema":{"@context":"https:\/\/schema.org","@graph":[{"@type":"WebPage","@id":"https:\/\/single-thueringen.de\/magazin\/impressum\/","url":"https:\/\/single-thueringen.de\/magazin\/impressum\/","name":"Impressum - Single in Th\u00fcringen | Magazin","isPartOf":{"@id":"https:\/\/single-thueringen.de\/magazin\/#website"},"datePublished":"2021-05-03T10:00:28+00:00","dateModified":"2022-11-14T18:43:03+00:00","breadcrumb":{"@id":"https:\/\/single-thueringen.de\/magazin\/impressum\/#breadcrumb"},"inLanguage":"de","potentialAction":[{"@type":"ReadAction","target":["https:\/\/single-thueringen.de\/magazin\/impressum\/"]}]},{"@type":"BreadcrumbList","@id":"https:\/\/single-thueringen.de\/magazin\/impressum\/#breadcrumb","itemListElement":[{"@type":"ListItem","position":1,"name":"Startseite","item":"https:\/\/single-thueringen.de\/magazin\/"},{"@type":"ListItem","position":2,"name":"Impressum"}]},{"@type":"WebSite","@id":"https:\/\/single-thueringen.de\/magazin\/#website","url":"https:\/\/single-thueringen.de\/magazin\/","name":"magazin.jacorprojekt.de","description":"","potentialAction":[{"@type":"SearchAction","target":{"@type":"EntryPoint","urlTemplate":"https:\/\/single-thueringen.de\/magazin\/?s={search_term_string}"},"query-input":{"@type":"PropertyValueSpecification","valueRequired":true,"valueName":"search_term_string"}}],"inLanguage":"de"}]}},"_links":{"self":[{"href":"https:\/\/single-thueringen.de\/magazin\/wp-json\/wp\/v2\/pages\/394","targetHints":{"allow":["GET"]}}],"collection":[{"href":"https:\/\/single-thueringen.de\/magazin\/wp-json\/wp\/v2\/pages"}],"about":[{"href":"https:\/\/single-thueringen.de\/magazin\/wp-json\/wp\/v2\/types\/page"}],"author":[{"embeddable":true,"href":"https:\/\/single-thueringen.de\/magazin\/wp-json\/wp\/v2\/users\/1"}],"replies":[{"embeddable":true,"href":"https:\/\/single-thueringen.de\/magazin\/wp-json\/wp\/v2\/comments?post=394"}],"version-history":[{"count":4,"href":"https:\/\/single-thueringen.de\/magazin\/wp-json\/wp\/v2\/pages\/394\/revisions"}],"predecessor-version":[{"id":1432,"href":"https:\/\/single-thueringen.de\/magazin\/wp-json\/wp\/v2\/pages\/394\/revisions\/1432"}],"wp:attachment":[{"href":"https:\/\/single-thueringen.de\/magazin\/wp-json\/wp\/v2\/media?parent=394"}],"curies":[{"name":"wp","href":"https:\/\/api.w.org\/{rel}","templated":true}]}}