{"id":10,"date":"2020-07-10T09:57:04","date_gmt":"2020-07-10T07:57:04","guid":{"rendered":"http:\/\/magazin.jacorprojekt.de\/?page_id=10"},"modified":"2026-01-21T10:38:31","modified_gmt":"2026-01-21T09:38:31","slug":"startseite","status":"publish","type":"page","link":"https:\/\/single-thueringen.de\/magazin\/","title":{"rendered":"Startseite"},"content":{"rendered":"<div class=\"wpb-content-wrapper\"><p>[vc_row][vc_column el_class=&#8221;custombloglist&#8221; width=&#8221;2\/3&#8243;][vc_raw_html el_class=&#8221;displaymobile blocktop&#8221;]JTNDaDIlM0VTSU5HTEVTJTIwSU4lMjBUSCVDMyU5Q1JJTkdFTiUzQyUyRmgyJTNFJTBBJTNDYSUyMGNsYXNzJTNEJTIyYnRuJTIwYnRuLXByaW1hcnklMjBidG4tYmxvY2slMjBidG4tYWI2MCUyMiUyMGhyZWYlM0QlMjJodHRwcyUzQSUyRiUyRnNpbmdsZS10aHVlcmluZ2VuLmRlJTJGJTNGQUlEJTNEU2luZ1RodWVNYWclMjIlMjB0YXJnZXQlM0QlMjJfYmxhbmslMjIlM0VKZXR6dCUyMFNpbmdsZXMlMjBmaW5kZW4lM0MlMkZhJTNF[\/vc_raw_html]<div class=\"latest-blog vertical clearfix\"><div class=\"latest-blog-list  clearfix wpb_content_element\">\n\t\t\t\t\t\t\t<div class=\"blog-list-item-thumb\"><a href=\"https:\/\/single-thueringen.de\/magazin\/liebe\/romantische-filme-das-ist-unsere-top-10-fuer-ihr-perfektes-date\/\" title=\"Romantische Filme: Das ist unsere Top 10 f\u00fcr Ihr perfektes Date!\"><img decoding=\"async\" src=\"https:\/\/single-thueringen.de\/magazin\/wp-content\/uploads\/2026\/03\/pexels-cottonbro-4009401-1.jpg\" alt=\"Romantische Filme: Das ist unsere Top 10 f\u00fcr Ihr perfektes Date!\" \/><\/a><\/div>\n\t\t\t\t\t\t  \t<div class=\"blog-list-item-description\">\n\t\t\t\t\t\t\t\t<h3><a href=\"https:\/\/single-thueringen.de\/magazin\/liebe\/romantische-filme-das-ist-unsere-top-10-fuer-ihr-perfektes-date\/\" title=\"Romantische Filme: Das ist unsere Top 10 f\u00fcr Ihr perfektes Date!\">Romantische Filme: Das ist unsere Top 10 f\u00fcr Ihr perfektes Date!<\/a><\/h3>\n\t\t\t\t\t\t\t  \t<div class=\"blog-list-item-excerpt\">Romantische Filme sind wie kleine Fluchten aus dem Alltag. Sie lassen uns mitf\u00fchlen, tr\u00e4umen und an die Kraft der Liebe glauben. Egal ob beim ersten.. <a href=\"https:\/\/single-thueringen.de\/magazin\/liebe\/romantische-filme-das-ist-unsere-top-10-fuer-ihr-perfektes-date\/\">Weiterlesen<\/a><\/div>\n\t\t\t\t\t\t\t<\/div>\n\t\t\t\t\t  \t<\/div><div class=\"latest-blog-list  clearfix wpb_content_element\">\n\t\t\t\t\t\t\t<div class=\"blog-list-item-thumb\"><a href=\"https:\/\/single-thueringen.de\/magazin\/dating\/kuss-erstes-date-wann-ist-der-richtige-moment\/\" title=\"Kuss erstes Date \u2013 Wann ist der richtige Moment?\"><img decoding=\"async\" src=\"https:\/\/single-thueringen.de\/magazin\/wp-content\/uploads\/2026\/02\/Steckbrief-neue-01.07.2024-64.png\" alt=\"Kuss erstes Date \u2013 Wann ist der richtige Moment?\" \/><\/a><\/div>\n\t\t\t\t\t\t  \t<div class=\"blog-list-item-description\">\n\t\t\t\t\t\t\t\t<h3><a href=\"https:\/\/single-thueringen.de\/magazin\/dating\/kuss-erstes-date-wann-ist-der-richtige-moment\/\" title=\"Kuss erstes Date \u2013 Wann ist der richtige Moment?\">Kuss erstes Date \u2013 Wann ist der richtige Moment?<\/a><\/h3>\n\t\t\t\t\t\t\t  \t<div class=\"blog-list-item-excerpt\">Das erste Date ist aufregend. Die Vorfreude ist gro\u00df. Doch eine Frage besch\u00e4ftigt viele Singles besonders: Geh\u00f6rt ein Kuss auf das erste Date? Und wenn.. <a href=\"https:\/\/single-thueringen.de\/magazin\/dating\/kuss-erstes-date-wann-ist-der-richtige-moment\/\">Weiterlesen<\/a><\/div>\n\t\t\t\t\t\t\t<\/div>\n\t\t\t\t\t  \t<\/div><div class=\"latest-blog-list  clearfix wpb_content_element\">\n\t\t\t\t\t\t\t<div class=\"blog-list-item-thumb\"><a href=\"https:\/\/single-thueringen.de\/magazin\/dating\/als-erstes-date-ein-double-date-funktioniert-das\/\" title=\"Als erstes Date ein Double Date: Funktioniert das?\"><img decoding=\"async\" src=\"https:\/\/single-thueringen.de\/magazin\/wp-content\/uploads\/2026\/02\/pexels-pavel-danilyuk-8775397-1.jpg\" alt=\"Als erstes Date ein Double Date: Funktioniert das?\" \/><\/a><\/div>\n\t\t\t\t\t\t  \t<div class=\"blog-list-item-description\">\n\t\t\t\t\t\t\t\t<h3><a href=\"https:\/\/single-thueringen.de\/magazin\/dating\/als-erstes-date-ein-double-date-funktioniert-das\/\" title=\"Als erstes Date ein Double Date: Funktioniert das?\">Als erstes Date ein Double Date: Funktioniert das?<\/a><\/h3>\n\t\t\t\t\t\t\t  \t<div class=\"blog-list-item-excerpt\">Das erste Date ist f\u00fcr viele ein aufregender Schritt \u2013 voller Erwartungen, Vorfreude und manchmal auch einer Portion Unsicherheit. In der klassischen Vorstellung treffen sich.. <a href=\"https:\/\/single-thueringen.de\/magazin\/dating\/als-erstes-date-ein-double-date-funktioniert-das\/\">Weiterlesen<\/a><\/div>\n\t\t\t\t\t\t\t<\/div>\n\t\t\t\t\t  \t<\/div><div class=\"latest-blog-list  clearfix wpb_content_element\">\n\t\t\t\t\t\t\t<div class=\"blog-list-item-thumb\"><a href=\"https:\/\/single-thueringen.de\/magazin\/beziehung\/freundschaft-plus-was-steckt-hinter-diesem-beziehungskonzept\/\" title=\"Freundschaft Plus: Was steckt hinter diesem Beziehungskonzept?\"><img decoding=\"async\" src=\"https:\/\/single-thueringen.de\/magazin\/wp-content\/uploads\/2026\/02\/pexels-ron-lach-9497931-1.jpg\" alt=\"Freundschaft Plus: Was steckt hinter diesem Beziehungskonzept?\" \/><\/a><\/div>\n\t\t\t\t\t\t  \t<div class=\"blog-list-item-description\">\n\t\t\t\t\t\t\t\t<h3><a href=\"https:\/\/single-thueringen.de\/magazin\/beziehung\/freundschaft-plus-was-steckt-hinter-diesem-beziehungskonzept\/\" title=\"Freundschaft Plus: Was steckt hinter diesem Beziehungskonzept?\">Freundschaft Plus: Was steckt hinter diesem Beziehungskonzept?<\/a><\/h3>\n\t\t\t\t\t\t\t  \t<div class=\"blog-list-item-excerpt\">Freundschaft Plus \u2013 ein Begriff, der in den letzten Jahren immer h\u00e4ufiger f\u00e4llt und l\u00e4ngst kein Tabuthema mehr ist. Doch was verbirgt sich eigentlich dahinter?.. <a href=\"https:\/\/single-thueringen.de\/magazin\/beziehung\/freundschaft-plus-was-steckt-hinter-diesem-beziehungskonzept\/\">Weiterlesen<\/a><\/div>\n\t\t\t\t\t\t\t<\/div>\n\t\t\t\t\t  \t<\/div><div class=\"latest-blog-list  clearfix wpb_content_element\">\n\t\t\t\t\t\t\t<div class=\"blog-list-item-thumb\"><a href=\"https:\/\/single-thueringen.de\/magazin\/beziehung\/angst-vor-date-wie-sie-ihre-nervositaet-vor-dem-ersten-treffen-ueberwinden\/\" title=\"Angst vor Date: Wie Sie Ihre Nervosit\u00e4t vor dem ersten Treffen \u00fcberwinden\"><img decoding=\"async\" src=\"https:\/\/single-thueringen.de\/magazin\/wp-content\/uploads\/2025\/12\/Steckbrief-neue-01.07.2024-41.png\" alt=\"Angst vor Date: Wie Sie Ihre Nervosit\u00e4t vor dem ersten Treffen \u00fcberwinden\" \/><\/a><\/div>\n\t\t\t\t\t\t  \t<div class=\"blog-list-item-description\">\n\t\t\t\t\t\t\t\t<h3><a href=\"https:\/\/single-thueringen.de\/magazin\/beziehung\/angst-vor-date-wie-sie-ihre-nervositaet-vor-dem-ersten-treffen-ueberwinden\/\" title=\"Angst vor Date: Wie Sie Ihre Nervosit\u00e4t vor dem ersten Treffen \u00fcberwinden\">Angst vor Date: Wie Sie Ihre Nervosit\u00e4t vor dem ersten Treffen \u00fcberwinden<\/a><\/h3>\n\t\t\t\t\t\t\t  \t<div class=\"blog-list-item-excerpt\">Angst vor Date \u2013 ein Gef\u00fchl, das viele Singles kennen. Doch wie gelingt es, die Unsicherheit zu \u00fcberwinden und entspannt ins Date zu starten?.. <a href=\"https:\/\/single-thueringen.de\/magazin\/beziehung\/angst-vor-date-wie-sie-ihre-nervositaet-vor-dem-ersten-treffen-ueberwinden\/\">Weiterlesen<\/a><\/div>\n\t\t\t\t\t\t\t<\/div>\n\t\t\t\t\t  \t<\/div><div class=\"latest-blog-list  clearfix wpb_content_element\">\n\t\t\t\t\t\t\t<div class=\"blog-list-item-thumb\"><a href=\"https:\/\/single-thueringen.de\/magazin\/beziehung\/fernbeziehung-zum-scheitern-verurteilt-oder-liebesbeweis\/\" title=\"Fernbeziehung \u2013 Zum Scheitern verurteilt oder Liebesbeweis?\"><img decoding=\"async\" src=\"https:\/\/single-thueringen.de\/magazin\/wp-content\/uploads\/2022\/10\/pexels-rodnae-productions-6414743.jpg\" alt=\"Fernbeziehung \u2013 Zum Scheitern verurteilt oder Liebesbeweis?\" \/><\/a><\/div>\n\t\t\t\t\t\t  \t<div class=\"blog-list-item-description\">\n\t\t\t\t\t\t\t\t<h3><a href=\"https:\/\/single-thueringen.de\/magazin\/beziehung\/fernbeziehung-zum-scheitern-verurteilt-oder-liebesbeweis\/\" title=\"Fernbeziehung \u2013 Zum Scheitern verurteilt oder Liebesbeweis?\">Fernbeziehung \u2013 Zum Scheitern verurteilt oder Liebesbeweis?<\/a><\/h3>\n\t\t\t\t\t\t\t  \t<div class=\"blog-list-item-excerpt\">Eine Fernbeziehung zu f\u00fchren bedeutet Sehnsucht. Trotzdem f\u00fchren viele Paare, eine gl\u00fcckliche Beziehung. Diese Tipps k\u00f6nnen Ihnen helfen!.. <a href=\"https:\/\/single-thueringen.de\/magazin\/beziehung\/fernbeziehung-zum-scheitern-verurteilt-oder-liebesbeweis\/\">Weiterlesen<\/a><\/div>\n\t\t\t\t\t\t\t<\/div>\n\t\t\t\t\t  \t<\/div><\/div>[\/vc_column][vc_column width=&#8221;1\/3&#8243;][vc_widget_sidebar sidebar_id=&#8221;blog-widgets&#8221;][\/vc_column][\/vc_row]<\/p>\n<\/div>","protected":false},"excerpt":{"rendered":"<p>[vc_row][vc_column el_class=&#8221;custombloglist&#8221; width=&#8221;2\/3&#8243;][vc_raw_html el_class=&#8221;displaymobile blocktop&#8221;]JTNDaDIlM0VTSU5HTEVTJTIwSU4lMjBUSCVDMyU5Q1JJTkdFTiUzQyUyRmgyJTNFJTBBJTNDYSUyMGNsYXNzJTNEJTIyYnRuJTIwYnRuLXByaW1hcnklMjBidG4tYmxvY2slMjBidG4tYWI2MCUyMiUyMGhyZWYlM0QlMjJodHRwcyUzQSUyRiUyRnNpbmdsZS10aHVlcmluZ2VuLmRlJTJGJTNGQUlEJTNEU2luZ1RodWVNYWclMjIlMjB0YXJnZXQlM0QlMjJfYmxhbmslMjIlM0VKZXR6dCUyMFNpbmdsZXMlMjBmaW5kZW4lM0MlMkZhJTNF[\/vc_raw_html][\/vc_column][vc_column width=&#8221;1\/3&#8243;][vc_widget_sidebar sidebar_id=&#8221;blog-widgets&#8221;][\/vc_column][\/vc_row]<\/p>\n","protected":false},"author":1,"featured_media":0,"parent":0,"menu_order":0,"comment_status":"closed","ping_status":"closed","template":"","meta":{"footnotes":""},"class_list":["post-10","page","type-page","status-publish","hentry"],"yoast_head":"<!-- This site is optimized with the Yoast SEO plugin v27.3 - https:\/\/yoast.com\/product\/yoast-seo-wordpress\/ -->\n<title>Startseite - Single in Th\u00fcringen | Magazin<\/title>\n<meta name=\"description\" content=\"Partnersuche in Th\u00fcringen \u2713 Mehr als 50 000 Singles aus Th\u00fcringen \u2713 single-thueringen.de das Datingportal \u2713 Jetzt kostenlos lesen \u2764\ufe0f\" \/>\n<meta name=\"robots\" content=\"index, follow, max-snippet:-1, max-image-preview:large, max-video-preview:-1\" \/>\n<link rel=\"canonical\" href=\"https:\/\/single-thueringen.de\/magazin\/\" \/>\n<meta property=\"og:locale\" content=\"de_DE\" \/>\n<meta property=\"og:type\" content=\"article\" \/>\n<meta property=\"og:title\" content=\"Startseite - Single in Th\u00fcringen | Magazin\" \/>\n<meta property=\"og:description\" content=\"Partnersuche in Th\u00fcringen \u2713 Mehr als 50 000 Singles aus Th\u00fcringen \u2713 single-thueringen.de das Datingportal \u2713 Jetzt kostenlos lesen \u2764\ufe0f\" \/>\n<meta property=\"og:url\" content=\"https:\/\/single-thueringen.de\/magazin\/\" \/>\n<meta property=\"og:site_name\" content=\"Single in Th\u00fcringen | Magazin\" \/>\n<meta property=\"article:modified_time\" content=\"2026-01-21T09:38:31+00:00\" \/>\n<meta name=\"twitter:card\" content=\"summary_large_image\" \/>\n<meta name=\"twitter:label1\" content=\"Gesch\u00e4tzte Lesezeit\" \/>\n\t<meta name=\"twitter:data1\" content=\"1\u00a0Minute\" \/>\n<!-- \/ Yoast SEO plugin. -->","yoast_head_json":{"title":"Startseite - Single in Th\u00fcringen | Magazin","description":"Partnersuche in Th\u00fcringen \u2713 Mehr als 50 000 Singles aus Th\u00fcringen \u2713 single-thueringen.de das Datingportal \u2713 Jetzt kostenlos lesen \u2764\ufe0f","robots":{"index":"index","follow":"follow","max-snippet":"max-snippet:-1","max-image-preview":"max-image-preview:large","max-video-preview":"max-video-preview:-1"},"canonical":"https:\/\/single-thueringen.de\/magazin\/","og_locale":"de_DE","og_type":"article","og_title":"Startseite - Single in Th\u00fcringen | Magazin","og_description":"Partnersuche in Th\u00fcringen \u2713 Mehr als 50 000 Singles aus Th\u00fcringen \u2713 single-thueringen.de das Datingportal \u2713 Jetzt kostenlos lesen \u2764\ufe0f","og_url":"https:\/\/single-thueringen.de\/magazin\/","og_site_name":"Single in Th\u00fcringen | Magazin","article_modified_time":"2026-01-21T09:38:31+00:00","twitter_card":"summary_large_image","twitter_misc":{"Gesch\u00e4tzte Lesezeit":"1\u00a0Minute"},"schema":{"@context":"https:\/\/schema.org","@graph":[{"@type":"WebPage","@id":"https:\/\/single-thueringen.de\/magazin\/","url":"https:\/\/single-thueringen.de\/magazin\/","name":"Startseite - Single in Th\u00fcringen | Magazin","isPartOf":{"@id":"https:\/\/single-thueringen.de\/magazin\/#website"},"datePublished":"2020-07-10T07:57:04+00:00","dateModified":"2026-01-21T09:38:31+00:00","description":"Partnersuche in Th\u00fcringen \u2713 Mehr als 50 000 Singles aus Th\u00fcringen \u2713 single-thueringen.de das Datingportal \u2713 Jetzt kostenlos lesen \u2764\ufe0f","breadcrumb":{"@id":"https:\/\/single-thueringen.de\/magazin\/#breadcrumb"},"inLanguage":"de","potentialAction":[{"@type":"ReadAction","target":["https:\/\/single-thueringen.de\/magazin\/"]}]},{"@type":"BreadcrumbList","@id":"https:\/\/single-thueringen.de\/magazin\/#breadcrumb","itemListElement":[{"@type":"ListItem","position":1,"name":"Startseite","item":"https:\/\/single-thueringen.de\/magazin\/"},{"@type":"ListItem","position":2,"name":"Startseite"}]},{"@type":"WebSite","@id":"https:\/\/single-thueringen.de\/magazin\/#website","url":"https:\/\/single-thueringen.de\/magazin\/","name":"magazin.jacorprojekt.de","description":"","potentialAction":[{"@type":"SearchAction","target":{"@type":"EntryPoint","urlTemplate":"https:\/\/single-thueringen.de\/magazin\/?s={search_term_string}"},"query-input":{"@type":"PropertyValueSpecification","valueRequired":true,"valueName":"search_term_string"}}],"inLanguage":"de"}]}},"_links":{"self":[{"href":"https:\/\/single-thueringen.de\/magazin\/wp-json\/wp\/v2\/pages\/10","targetHints":{"allow":["GET"]}}],"collection":[{"href":"https:\/\/single-thueringen.de\/magazin\/wp-json\/wp\/v2\/pages"}],"about":[{"href":"https:\/\/single-thueringen.de\/magazin\/wp-json\/wp\/v2\/types\/page"}],"author":[{"embeddable":true,"href":"https:\/\/single-thueringen.de\/magazin\/wp-json\/wp\/v2\/users\/1"}],"replies":[{"embeddable":true,"href":"https:\/\/single-thueringen.de\/magazin\/wp-json\/wp\/v2\/comments?post=10"}],"version-history":[{"count":11,"href":"https:\/\/single-thueringen.de\/magazin\/wp-json\/wp\/v2\/pages\/10\/revisions"}],"predecessor-version":[{"id":1741,"href":"https:\/\/single-thueringen.de\/magazin\/wp-json\/wp\/v2\/pages\/10\/revisions\/1741"}],"wp:attachment":[{"href":"https:\/\/single-thueringen.de\/magazin\/wp-json\/wp\/v2\/media?parent=10"}],"curies":[{"name":"wp","href":"https:\/\/api.w.org\/{rel}","templated":true}]}}